{"id":15622,"date":"2024-04-08T14:55:29","date_gmt":"2024-04-08T12:55:29","guid":{"rendered":"https:\/\/aysgrupo.com\/certifications\/"},"modified":"2024-07-24T11:44:10","modified_gmt":"2024-07-24T09:44:10","slug":"certifications","status":"publish","type":"page","link":"https:\/\/aysgrupo.com\/en\/certifications\/","title":{"rendered":"Certifications"},"content":{"rendered":"\t\t<div data-elementor-type=\"wp-page\" data-elementor-id=\"15622\" class=\"elementor elementor-15622 elementor-14874\">\n\t\t\t\t        <section class=\"elementor-section elementor-top-section elementor-element elementor-element-f32eb74 elementor-section-stretched elementor-section-boxed elementor-section-height-default elementor-section-height-default ct-header-fixed-none ct-column-none ct-row-scroll-none ct-row-gradient--none ct-row-container--default\" data-id=\"f32eb74\" data-element_type=\"section\" data-e-type=\"section\" data-settings=\"{&quot;stretch_section&quot;:&quot;section-stretched&quot;}\">\n            \n                        <div class=\"elementor-container elementor-column-gap-extended \">\n                    <div class=\"elementor-column elementor-col-100 elementor-top-column elementor-element elementor-element-31ee543 ct-column-none col-offset-none\" data-id=\"31ee543\" data-element_type=\"column\" data-e-type=\"column\">\n        <div class=\"elementor-widget-wrap elementor-element-populated\">\n                    \n        \t\t<div class=\"elementor-element elementor-element-0e022de elementor-widget elementor-widget-ct_text_editor\" data-id=\"0e022de\" data-element_type=\"widget\" data-e-type=\"widget\" data-widget_type=\"ct_text_editor.default\">\n\t\t\t\t<div class=\"elementor-widget-container\">\n\t\t\t\t\t<div id=\"ct_text_editor-0e022de\" class=\"ct-text-editor \" data-wow-delay=\"ms\">\n\t<div class=\"ct-inline-css\"  data-css=\"\n        \t\t\">\n\n    <\/div>\n\t<div class=\"ct-text-editor-inner elementor-clearfix\">\n\t\t<p>Services provision is regulated by our Quality Management System which is certified by ISO 9001 for next services:<\/p>\t\t\n\t<\/div>\n<\/div>\t\t\t\t<\/div>\n\t\t\t\t<\/div>\n\t\t        <section class=\"elementor-section elementor-inner-section elementor-element elementor-element-56e1d9c elementor-section-boxed elementor-section-height-default elementor-section-height-default ct-header-fixed-none ct-column-none ct-row-scroll-none ct-row-gradient--none ct-row-container--default\" data-id=\"56e1d9c\" data-element_type=\"section\" data-e-type=\"section\">\n            \n                        <div class=\"elementor-container elementor-column-gap-extended \">\n                    <div class=\"elementor-column elementor-col-50 elementor-inner-column elementor-element elementor-element-030f48f ct-column-none col-offset-none\" data-id=\"030f48f\" data-element_type=\"column\" data-e-type=\"column\">\n        <div class=\"elementor-widget-wrap elementor-element-populated\">\n                    \n        \t\t<div class=\"elementor-element elementor-element-d391ed6 elementor-widget elementor-widget-ct_list\" data-id=\"d391ed6\" data-element_type=\"widget\" data-e-type=\"widget\" data-widget_type=\"ct_list.default\">\n\t\t\t\t<div class=\"elementor-widget-container\">\n\t\t\t\t\t    <div class=\"ct-list block\">\r\n                    <div class=\"ct-list-item \">\r\n                                    <div class=\"ct-list-icon\">\r\n                        <i aria-hidden=\"true\" class=\"fas fa-angle-double-right\"><\/i>                    <\/div>\r\n                            \t<div class=\"ct-list-content\">\r\n                    \t            \t  Parts Verification, Inspection, Repair and Rework                     \t            <\/div>\r\n           <\/div>\r\n                    <div class=\"ct-list-item \">\r\n                                    <div class=\"ct-list-icon\">\r\n                        <i aria-hidden=\"true\" class=\"fas fa-angle-double-right\"><\/i>                    <\/div>\r\n                            \t<div class=\"ct-list-content\">\r\n                    \t            \t  Parts Sorting, Handling, Transfer and Sequencing                    \t            <\/div>\r\n           <\/div>\r\n            <\/div>\r\n\t\t\t\t<\/div>\n\t\t\t\t<\/div>\n\t\t\t\t<div class=\"elementor-element elementor-element-2f1dec0 elementor-widget elementor-widget-ct_list\" data-id=\"2f1dec0\" data-element_type=\"widget\" data-e-type=\"widget\" data-widget_type=\"ct_list.default\">\n\t\t\t\t<div class=\"elementor-widget-container\">\n\t\t\t\t\t    <div class=\"ct-list block\">\r\n                    <div class=\"ct-list-item \">\r\n                                    <div class=\"ct-list-icon\">\r\n                        <i aria-hidden=\"true\" class=\"fas fa-angle-double-right\"><\/i>                    <\/div>\r\n                            \t<div class=\"ct-list-content\">\r\n                    \t            \t  JIT and JIS Sequencing                    \t            <\/div>\r\n           <\/div>\r\n                    <div class=\"ct-list-item \">\r\n                                    <div class=\"ct-list-icon\">\r\n                        <i aria-hidden=\"true\" class=\"fas fa-angle-double-right\"><\/i>                    <\/div>\r\n                            \t<div class=\"ct-list-content\">\r\n                    \t            \t  Quality Walls  \/ Firewalls                    \t            <\/div>\r\n           <\/div>\r\n                    <div class=\"ct-list-item \">\r\n                                    <div class=\"ct-list-icon\">\r\n                        <i aria-hidden=\"true\" class=\"fas fa-angle-double-right\"><\/i>                    <\/div>\r\n                            \t<div class=\"ct-list-content\">\r\n                    \t            \t  Set Assemblies and Sub-assemblies                    \t            <\/div>\r\n           <\/div>\r\n            <\/div>\r\n\t\t\t\t<\/div>\n\t\t\t\t<\/div>\n\t\t\t\t<div class=\"elementor-element elementor-element-a777297 elementor-widget elementor-widget-ct_list\" data-id=\"a777297\" data-element_type=\"widget\" data-e-type=\"widget\" data-widget_type=\"ct_list.default\">\n\t\t\t\t<div class=\"elementor-widget-container\">\n\t\t\t\t\t    <div class=\"ct-list block\">\r\n                    <div class=\"ct-list-item \">\r\n                                    <div class=\"ct-list-icon\">\r\n                        <i aria-hidden=\"true\" class=\"fas fa-angle-double-right\"><\/i>                    <\/div>\r\n                            \t<div class=\"ct-list-content\">\r\n                    \t            \t  Representation Services (Resident Engineer Support)                    \t            <\/div>\r\n           <\/div>\r\n            <\/div>\r\n\t\t\t\t<\/div>\n\t\t\t\t<\/div>\n\t\t            <\/div>\n        <\/div>\n                <div class=\"elementor-column elementor-col-50 elementor-inner-column elementor-element elementor-element-500d009 ct-column-none col-offset-none\" data-id=\"500d009\" data-element_type=\"column\" data-e-type=\"column\">\n        <div class=\"elementor-widget-wrap elementor-element-populated\">\n                    \n        \t\t<div class=\"elementor-element elementor-element-7fd9a54 elementor-widget elementor-widget-ct_image\" data-id=\"7fd9a54\" data-element_type=\"widget\" data-e-type=\"widget\" data-widget_type=\"ct_image.default\">\n\t\t\t\t<div class=\"elementor-widget-container\">\n\t\t\t\t\t<div class=\"ct-image-single   \" data-width=\"\" data-height=\"\" data-wow-delay=\"ms\">\r\n            <div class=\"ct-image-single--inner\">\r\n                            <img fetchpriority=\"high\" decoding=\"async\" width=\"500\" height=\"262\" src=\"https:\/\/aysgrupo.com\/wp-content\/uploads\/2024\/05\/BureauVeritasISO-9001-2015.webp\" class=\"no-lazyload img-main attachment-full\" alt=\"Bureau Veritas ISO 9001.2015\" \/>                    <\/div>\r\n    <\/div>\t\t\t\t<\/div>\n\t\t\t\t<\/div>\n\t\t            <\/div>\n        <\/div>\n                    <\/div>\n        <\/section>\n                <section class=\"elementor-section elementor-inner-section elementor-element elementor-element-49cd20d elementor-hidden-desktop elementor-hidden-tablet elementor-hidden-mobile elementor-section-boxed elementor-section-height-default elementor-section-height-default ct-header-fixed-none ct-column-none ct-row-scroll-none ct-row-gradient--none ct-row-container--default\" data-id=\"49cd20d\" data-element_type=\"section\" data-e-type=\"section\">\n            \n                        <div class=\"elementor-container elementor-column-gap-extended \">\n                    <div class=\"elementor-column elementor-col-50 elementor-inner-column elementor-element elementor-element-a236e85 ct-column-none col-offset-none\" data-id=\"a236e85\" data-element_type=\"column\" data-e-type=\"column\">\n        <div class=\"elementor-widget-wrap elementor-element-populated\">\n                    \n        \t\t<div class=\"elementor-element elementor-element-23993b9 elementor-widget elementor-widget-ct_showcase\" data-id=\"23993b9\" data-element_type=\"widget\" data-e-type=\"widget\" data-widget_type=\"ct_showcase.default\">\n\t\t\t\t<div class=\"elementor-widget-container\">\n\t\t\t\t\t<div class=\"ct-showcase layout2 wow fadeInUp\" data-wow-delay=\"600ms\">\r\n    <div class=\"inner-box\">\r\n                                    <span class=\"item-notification\">Certificaci\u00f3n<\/span>\r\n                            <div class=\"list-dotted\">\r\n            <i><\/i>\r\n            <i><\/i>\r\n            <i><\/i>\r\n        <\/div>\r\n        <div class=\"item-feature\">\r\n            <img decoding=\"async\" width=\"594\" height=\"841\" src=\"https:\/\/aysgrupo.com\/wp-content\/uploads\/2024\/04\/17589405-BUP-AyS-SPP-SL-ESPANOL.webp\" class=\"attachment-full\" alt=\"ISO 9001\" \/>            <div class=\"ct-item-links\">\r\n                                    <a class=\"link-1 btn-hover\" href=\"https:\/\/aysgrupo.com\/wp-content\/uploads\/2024\/04\/17589405-BUP-AyS-SPP-SL-ESPANOL.pdf\" target=\"_blank\">\r\n                        <span>Descargar<\/span>\r\n                    <\/a>\r\n                                            <\/div>\r\n                    <\/div>\r\n        <div class=\"item-meta\">\r\n                            <h3 class=\"item-title\">\r\n                    <a href=\"https:\/\/aysgrupo.com\/wp-content\/uploads\/2024\/04\/17589405-BUP-AyS-SPP-SL-ESPANOL.pdf\" target=\"_blank\">                            ISO <cite>9001:2015<\/cite>                    <\/a>                <\/h3>\r\n                                        <h5 class=\"sub-title\">\r\n                    Sistema de Gesti\u00f3n                    <span><\/span>\r\n                <\/h5>\r\n                    <\/div>\r\n    <\/div>\r\n<\/div>\t\t\t\t<\/div>\n\t\t\t\t<\/div>\n\t\t            <\/div>\n        <\/div>\n                <div class=\"elementor-column elementor-col-50 elementor-inner-column elementor-element elementor-element-a65e7ba ct-column-none col-offset-none\" data-id=\"a65e7ba\" data-element_type=\"column\" data-e-type=\"column\">\n        <div class=\"elementor-widget-wrap elementor-element-populated\">\n                    \n        \t\t<div class=\"elementor-element elementor-element-f3726eb elementor-widget elementor-widget-ct_showcase\" data-id=\"f3726eb\" data-element_type=\"widget\" data-e-type=\"widget\" data-widget_type=\"ct_showcase.default\">\n\t\t\t\t<div class=\"elementor-widget-container\">\n\t\t\t\t\t<div class=\"ct-showcase layout2 wow fadeInUp\" data-wow-delay=\"600ms\">\r\n    <div class=\"inner-box\">\r\n                                    <span class=\"item-notification\">Certificaci\u00f3n<\/span>\r\n                            <div class=\"list-dotted\">\r\n            <i><\/i>\r\n            <i><\/i>\r\n            <i><\/i>\r\n        <\/div>\r\n        <div class=\"item-feature\">\r\n            <img decoding=\"async\" width=\"848\" height=\"1200\" src=\"https:\/\/aysgrupo.com\/wp-content\/uploads\/2024\/04\/17589405-BUP-AyS-SPP-SL-ESPANOL-2.webp\" class=\"attachment-full\" alt=\"ISO 9001\" \/>            <div class=\"ct-item-links\">\r\n                                    <a class=\"link-1 btn-hover\" href=\"https:\/\/aysgrupo.com\/wp-content\/uploads\/2024\/04\/17589405-BUP-AyS-SPP-SL-ESPANOL.pdf\" target=\"_blank\">\r\n                        <span>Descargar<\/span>\r\n                    <\/a>\r\n                                            <\/div>\r\n                    <\/div>\r\n        <div class=\"item-meta\">\r\n                            <h3 class=\"item-title\">\r\n                    <a href=\"https:\/\/aysgrupo.com\/wp-content\/uploads\/2024\/04\/17589405-BUP-AyS-SPP-SL-ESPANOL.pdf\" target=\"_blank\">                            ISO <cite>9001:2015<\/cite>                    <\/a>                <\/h3>\r\n                                        <h5 class=\"sub-title\">\r\n                    Sistema de Gesti\u00f3n                    <span><\/span>\r\n                <\/h5>\r\n                    <\/div>\r\n    <\/div>\r\n<\/div>\t\t\t\t<\/div>\n\t\t\t\t<\/div>\n\t\t            <\/div>\n        <\/div>\n                    <\/div>\n        <\/section>\n                <section class=\"elementor-section elementor-inner-section elementor-element elementor-element-dc5aca0 elementor-hidden-desktop elementor-hidden-tablet elementor-hidden-mobile elementor-section-boxed elementor-section-height-default elementor-section-height-default ct-header-fixed-none ct-column-none ct-row-scroll-none ct-row-gradient--none ct-row-container--default\" data-id=\"dc5aca0\" data-element_type=\"section\" data-e-type=\"section\">\n            \n                        <div class=\"elementor-container elementor-column-gap-extended \">\n                    <div class=\"elementor-column elementor-col-50 elementor-inner-column elementor-element elementor-element-63dc57c ct-column-none col-offset-none\" data-id=\"63dc57c\" data-element_type=\"column\" data-e-type=\"column\">\n        <div class=\"elementor-widget-wrap elementor-element-populated\">\n                    \n        \t\t<div class=\"elementor-element elementor-element-8a8b597 elementor-widget elementor-widget-ct_showcase\" data-id=\"8a8b597\" data-element_type=\"widget\" data-e-type=\"widget\" data-widget_type=\"ct_showcase.default\">\n\t\t\t\t<div class=\"elementor-widget-container\">\n\t\t\t\t\t<div class=\"ct-showcase layout2 wow fadeInUp\" data-wow-delay=\"600ms\">\r\n    <div class=\"inner-box\">\r\n                                    <span class=\"item-notification\">Certificaci\u00f3n<\/span>\r\n                            <div class=\"list-dotted\">\r\n            <i><\/i>\r\n            <i><\/i>\r\n            <i><\/i>\r\n        <\/div>\r\n        <div class=\"item-feature\">\r\n            <img loading=\"lazy\" decoding=\"async\" width=\"556\" height=\"840\" src=\"https:\/\/aysgrupo.com\/wp-content\/uploads\/2024\/04\/D5-politica-calidad.jpg\" class=\"attachment-full\" alt=\"Pol\u00edtica de Calidad, PRL y MA\" \/>            <div class=\"ct-item-links\">\r\n                                    <a class=\"link-1 btn-hover\" href=\"https:\/\/aysgrupo.com\/wp-content\/uploads\/2024\/04\/D5-1-V0-AUTOMOCION-Politica-Calidad-PRL-MA-24-04-24.pdf\" target=\"_blank\">\r\n                        <span>Descargar<\/span>\r\n                    <\/a>\r\n                                            <\/div>\r\n                    <\/div>\r\n        <div class=\"item-meta\">\r\n                            <h3 class=\"item-title\">\r\n                    <a href=\"https:\/\/aysgrupo.com\/wp-content\/uploads\/2024\/04\/D5-1-V0-AUTOMOCION-Politica-Calidad-PRL-MA-24-04-24.pdf\" target=\"_blank\">                            Pol\u00edtica de <cite> Calidad, PRL y MA<\/cite>                    <\/a>                <\/h3>\r\n                                <\/div>\r\n    <\/div>\r\n<\/div>\t\t\t\t<\/div>\n\t\t\t\t<\/div>\n\t\t            <\/div>\n        <\/div>\n                <div class=\"elementor-column elementor-col-50 elementor-inner-column elementor-element elementor-element-46e4d0e ct-column-none col-offset-none\" data-id=\"46e4d0e\" data-element_type=\"column\" data-e-type=\"column\">\n        <div class=\"elementor-widget-wrap\">\n                    \n                    <\/div>\n        <\/div>\n                    <\/div>\n        <\/section>\n                    <\/div>\n        <\/div>\n                    <\/div>\n        <\/section>\n        \t\t<\/div>\n\t\t","protected":false},"excerpt":{"rendered":"<p>Services provision is regulated by our Quality Management System which is certified by ISO 9001 for next services: Parts Verification, Inspection, Repair and Rework Parts Sorting, Handling, Transfer and Sequencing JIT and JIS Sequencing Quality Walls \/ Firewalls Set Assemblies and Sub-assemblies Representation Services (Resident Engineer Support) Certificaci\u00f3n Descargar ISO 9001:2015 Sistema de Gesti\u00f3n Certificaci\u00f3n [&hellip;]<\/p>\n","protected":false},"author":1,"featured_media":0,"parent":0,"menu_order":4,"comment_status":"closed","ping_status":"closed","template":"","meta":{"footnotes":""},"class_list":["post-15622","page","type-page","status-publish","hentry"],"_links":{"self":[{"href":"https:\/\/aysgrupo.com\/en\/wp-json\/wp\/v2\/pages\/15622","targetHints":{"allow":["GET"]}}],"collection":[{"href":"https:\/\/aysgrupo.com\/en\/wp-json\/wp\/v2\/pages"}],"about":[{"href":"https:\/\/aysgrupo.com\/en\/wp-json\/wp\/v2\/types\/page"}],"author":[{"embeddable":true,"href":"https:\/\/aysgrupo.com\/en\/wp-json\/wp\/v2\/users\/1"}],"replies":[{"embeddable":true,"href":"https:\/\/aysgrupo.com\/en\/wp-json\/wp\/v2\/comments?post=15622"}],"version-history":[{"count":11,"href":"https:\/\/aysgrupo.com\/en\/wp-json\/wp\/v2\/pages\/15622\/revisions"}],"predecessor-version":[{"id":15705,"href":"https:\/\/aysgrupo.com\/en\/wp-json\/wp\/v2\/pages\/15622\/revisions\/15705"}],"wp:attachment":[{"href":"https:\/\/aysgrupo.com\/en\/wp-json\/wp\/v2\/media?parent=15622"}],"curies":[{"name":"wp","href":"https:\/\/api.w.org\/{rel}","templated":true}]}}